{"id":478,"date":"2026-03-10T16:31:06","date_gmt":"2026-03-10T16:31:06","guid":{"rendered":"https:\/\/www.sotex-gmbh.de\/?page_id=478"},"modified":"2026-03-12T11:33:58","modified_gmt":"2026-03-12T11:33:58","slug":"kontakt-anfrage","status":"publish","type":"page","link":"https:\/\/www.sotex-gmbh.de\/?page_id=478","title":{"rendered":"Kontakt &#038; Anfrage"},"content":{"rendered":"","protected":false},"excerpt":{"rendered":"","protected":false},"author":1,"featured_media":0,"parent":0,"menu_order":0,"comment_status":"closed","ping_status":"closed","template":"page-kontakt-anfrage-template-2","meta":{"saved_in_kubio":true,"om_disable_all_campaigns":false,"_monsterinsights_skip_tracking":false,"_monsterinsights_sitenote_active":false,"_monsterinsights_sitenote_note":"","_monsterinsights_sitenote_category":0,"footnotes":""},"class_list":["post-478","page","type-page","status-publish","hentry"],"aioseo_notices":[],"kubio_ai_page_context":{"short_desc":"Erstelle eine Kontaktseite f\u00fcr die Sotex GmbH. Wir sind Textilveredler aus Bielefeld und stehen f\u00fcr pers\u00f6nlichen Kontakt und Transparenz. Die Seite soll ein zweispaltiges Layout haben: Links unsere Kontaktdaten (Adresse, E-Mail, Telefon) und ein Text, dass man bei uns direkt mit dem Chef spricht. Rechts soll Platz f\u00fcr ein Kontaktformular sein, \u00fcber das Kunden ihre Projekte anfragen und Logos hochladen k\u00f6nnen.","purpose":"contact","isFrontPage":false},"_links":{"self":[{"href":"https:\/\/www.sotex-gmbh.de\/index.php?rest_route=\/wp\/v2\/pages\/478","targetHints":{"allow":["GET"]}}],"collection":[{"href":"https:\/\/www.sotex-gmbh.de\/index.php?rest_route=\/wp\/v2\/pages"}],"about":[{"href":"https:\/\/www.sotex-gmbh.de\/index.php?rest_route=\/wp\/v2\/types\/page"}],"author":[{"embeddable":true,"href":"https:\/\/www.sotex-gmbh.de\/index.php?rest_route=\/wp\/v2\/users\/1"}],"replies":[{"embeddable":true,"href":"https:\/\/www.sotex-gmbh.de\/index.php?rest_route=%2Fwp%2Fv2%2Fcomments&post=478"}],"version-history":[{"count":12,"href":"https:\/\/www.sotex-gmbh.de\/index.php?rest_route=\/wp\/v2\/pages\/478\/revisions"}],"predecessor-version":[{"id":543,"href":"https:\/\/www.sotex-gmbh.de\/index.php?rest_route=\/wp\/v2\/pages\/478\/revisions\/543"}],"wp:attachment":[{"href":"https:\/\/www.sotex-gmbh.de\/index.php?rest_route=%2Fwp%2Fv2%2Fmedia&parent=478"}],"curies":[{"name":"wp","href":"https:\/\/api.w.org\/{rel}","templated":true}]}}